{"id":29165,"date":"2016-10-09T00:53:05","date_gmt":"2016-10-09T00:53:05","guid":{"rendered":"https:\/\/www.innsides.com\/?page_id=29165"},"modified":"2019-08-14T13:37:53","modified_gmt":"2019-08-14T11:37:53","slug":"work-with-us","status":"publish","type":"page","link":"https:\/\/www.innsides.com\/de\/work-with-us\/","title":{"rendered":"Teilnehmen"},"content":{"rendered":"&nbsp;<\/p>\n<h2>Online &amp; Offline sinnvoll kombinieren<\/h2>\n<h3>Eine kundenorientierte Online-L\u00f6sung f\u00fcr f\u00fchrende M\u00f6belfachh\u00e4ndler<\/h3>\n<p><span style=\"font-size:12pt;\"><br \/>\n<span style=\"color: #333333;\"><em>&#8222;Wo kann ich das jetzt mal ausprobieren?&#8220;<\/em><br \/>\n<\/span><br \/>\n<span style=\"color: #333333;\">Diese Frage kann kaum jemand beantworten &#8211; ruft man beim Hersteller an, bekommt man nur Fachh\u00e4ndlerlisten, die man abtelefonieren darf. Im Internet konnten wir aktuelle Standortdaten nur in den seltensten F\u00e4llen finden. In unseren Augen unzeitgem\u00e4\u00df und frustrierend. Dabei ist der <strong>Showroom<\/strong> und die M\u00f6glichkeit, M\u00f6bel vor Ort erfahren zu k\u00f6nnen, gerade einer der Wettbewerbsvorteile des station\u00e4ren Handels.<br \/>\n<\/span><br \/>\n<span style=\"color: #333333;\">Daher haben wir f\u00fcr Fachh\u00e4ndler der Premium Home-&amp; Living Branchen einen einfachen Weg geschaffen, online abzubilden, was aktuell auf der Fl\u00e4che steht. Aus ihren M\u00f6beldaten generieren wir Produktseiten und leiten diese Daten wenn m\u00f6glich auch an die Hersteller weiter, die so Anfragen gleich besser an die richtigen H\u00e4ndler weiterverweisen k\u00f6nnen.<br \/>\n<\/span><\/span><br \/>\n<\/p>\n<h3>Was kostet das?<\/h3>\n<p><span style=\"color: #333333; font-size:12pt;\">1\u20ac\/M\u00f6bel pro Monat. Keine Mindestmenge, keine Mindestvertragslaufzeit, jederzeit k\u00fcndbar.<br \/>\n<\/span><br \/>\n<\/p>\n<h3>Wie funktioniert es?<\/h3>\n<p><span style=\"color: #333333; font-size:12pt;\">Sie bekommen von uns einfaches Google Spreadsheet, in das man ganz einfach eintragen kann, was auf der Fl\u00e4che steht. Produkttexte, Bilder etc. kommt alles von uns. Sie k\u00f6nnen das Sheet jederzeit ab\u00e4ndern. Wir bekommen jede \u00c4nderung sofort mit und \u00e4ndern dann entsprechend ab. <a title=\"Showroom Beispiel\" href=\"https:\/\/docs.google.com\/spreadsheets\/d\/1QKpjAhksqmSVeEgeGPJ5EH3vcmT7_VnPj5xPRlLkl-w\/edit?usp=sharing\" target=\"_blank\" rel=\"noopener nofollow noreferrer\"><strong>Hier sehen Sie ein Beispiel.<\/strong><\/a><br \/>\n<\/span><br \/>\n<\/p>\n<h3>H\u00e4ufige Fragen<\/h3>\n<p><span style=\"color: #333333; font-size:12pt;\"><strong>Wer definiert die Preise f\u00fcr die M\u00f6bel?<\/strong><br \/>\nF\u00fcr alle H\u00e4ndler wird pro Land der selbe &#8222;ab&#8220; Preis f\u00fcr das Modell genannt, z.B. UVP vom Hersteller.<\/span><\/p>\n<p><span style=\"color: #333333; font-size:12pt;\"><strong>M\u00fcssen wir selbst Photos und Texte machen?<\/strong><br \/>\nNein, das machen alles wir.<\/span><\/p>\n<p><span style=\"color: #333333; font-size:12pt;\"><strong>Kann ich auch Ausstellungsst\u00fccke zum Abverkauf anzeigen? <\/strong><br \/>\nJa, einfach daf\u00fcr in die Abverkaufsspalte im Sheet den konkreten Preis eintragen und eine genaue Beschreibung angeben. <em>Es sind keine Photos notwendig (!).<\/em><\/span><br \/>\n<\/p>\n<h3>Interesse?<\/h3>\n<p><span style=\"color: #333333; font-size:12pt;\"><a href=\"mailto:showroom@innsides.com subject=Bitte%20Showroomsheet%20schicken&amp;body=Bitte%20senden%20Sie%20uns%20ein%20Showroomsheet%20zu.\">Dann lassen Sie sich jetzt ihr Showroom-Sheet senden.<\/a> Oder rufen Sie uns einfach an: +49 (0)30 22908290.<br \/>\nAlternativ k\u00f6nnen Sie uns auch Inventarlisten (z.B. als PDF) mit entsprechenden Kommentaren an &#8222;showroom AT innsides.com&#8220; senden.<span style=\"color: #333333;\"><br \/>\n<\/span><\/span>","protected":false},"excerpt":{"rendered":"<p>&nbsp; Online &amp; Offline sinnvoll kombinieren Eine kundenorientierte Online-L\u00f6sung f\u00fcr f\u00fchrende M\u00f6belfachh\u00e4ndler &#8222;Wo kann ich das jetzt mal ausprobieren?&#8220; Diese Frage kann kaum jemand beantworten &#8211; ruft man beim Hersteller an, bekommt man nur Fachh\u00e4ndlerlisten, die man abtelefonieren darf. Im Internet konnten wir aktuelle Standortdaten nur in den seltensten F\u00e4llen finden. In unseren Augen unzeitgem\u00e4\u00df [&hellip;]<\/p>\n","protected":false},"author":4,"featured_media":0,"parent":0,"menu_order":0,"comment_status":"closed","ping_status":"closed","template":"","meta":{"_acf_changed":false,"footnotes":""},"class_list":["post-29165","page","type-page","status-publish","hentry"],"acf":[],"yoast_head":"<!-- This site is optimized with the Yoast SEO plugin v27.0 - https:\/\/yoast.com\/product\/yoast-seo-wordpress\/ -->\n<title>Teilnehmen | Innsides<\/title>\n<meta name=\"robots\" content=\"index, follow, max-snippet:-1, max-image-preview:large, max-video-preview:-1\" \/>\n<link rel=\"canonical\" href=\"https:\/\/www.innsides.com\/de\/work-with-us\/\" \/>\n<meta property=\"og:locale\" content=\"de_DE\" \/>\n<meta property=\"og:type\" content=\"article\" \/>\n<meta property=\"og:title\" content=\"Teilnehmen | Innsides\" \/>\n<meta property=\"og:description\" content=\"&nbsp; Online &amp; Offline sinnvoll kombinieren Eine kundenorientierte Online-L\u00f6sung f\u00fcr f\u00fchrende M\u00f6belfachh\u00e4ndler &#8222;Wo kann ich das jetzt mal ausprobieren?&#8220; Diese Frage kann kaum jemand beantworten &#8211; ruft man beim Hersteller an, bekommt man nur Fachh\u00e4ndlerlisten, die man abtelefonieren darf. Im Internet konnten wir aktuelle Standortdaten nur in den seltensten F\u00e4llen finden. In unseren Augen unzeitgem\u00e4\u00df [&hellip;]\" \/>\n<meta property=\"og:url\" content=\"https:\/\/www.innsides.com\/de\/work-with-us\/\" \/>\n<meta property=\"og:site_name\" content=\"Innsides\" \/>\n<meta property=\"article:modified_time\" content=\"2019-08-14T11:37:53+00:00\" \/>\n<meta name=\"twitter:card\" content=\"summary_large_image\" \/>\n<meta name=\"twitter:label1\" content=\"Gesch\u00e4tzte Lesezeit\" \/>\n\t<meta name=\"twitter:data1\" content=\"2\u00a0Minuten\" \/>\n<script type=\"application\/ld+json\" class=\"yoast-schema-graph\">{\"@context\":\"https:\/\/schema.org\",\"@graph\":[{\"@type\":\"WebPage\",\"@id\":\"https:\/\/www.innsides.com\/de\/work-with-us\/\",\"url\":\"https:\/\/www.innsides.com\/de\/work-with-us\/\",\"name\":\"Teilnehmen | Innsides\",\"isPartOf\":{\"@id\":\"https:\/\/www.innsides.com\/de\/#website\"},\"datePublished\":\"2016-10-09T00:53:05+00:00\",\"dateModified\":\"2019-08-14T11:37:53+00:00\",\"breadcrumb\":{\"@id\":\"https:\/\/www.innsides.com\/de\/work-with-us\/#breadcrumb\"},\"inLanguage\":\"de\",\"potentialAction\":[{\"@type\":\"ReadAction\",\"target\":[\"https:\/\/www.innsides.com\/de\/work-with-us\/\"]}]},{\"@type\":\"BreadcrumbList\",\"@id\":\"https:\/\/www.innsides.com\/de\/work-with-us\/#breadcrumb\",\"itemListElement\":[{\"@type\":\"ListItem\",\"position\":1,\"name\":\"Home\",\"item\":\"https:\/\/www.innsides.com\/de\/\"},{\"@type\":\"ListItem\",\"position\":2,\"name\":\"Teilnehmen\"}]},{\"@type\":\"WebSite\",\"@id\":\"https:\/\/www.innsides.com\/de\/#website\",\"url\":\"https:\/\/www.innsides.com\/de\/\",\"name\":\"Innsides\",\"description\":\"Entdecke Designerm\u00f6bel in deiner N\u00e4he\",\"publisher\":{\"@id\":\"https:\/\/www.innsides.com\/de\/#organization\"},\"potentialAction\":[{\"@type\":\"SearchAction\",\"target\":{\"@type\":\"EntryPoint\",\"urlTemplate\":\"https:\/\/www.innsides.com\/de\/?s={search_term_string}\"},\"query-input\":{\"@type\":\"PropertyValueSpecification\",\"valueRequired\":true,\"valueName\":\"search_term_string\"}}],\"inLanguage\":\"de\"},{\"@type\":\"Organization\",\"@id\":\"https:\/\/www.innsides.com\/de\/#organization\",\"name\":\"Innsides Interiors UG\",\"url\":\"https:\/\/www.innsides.com\/de\/\",\"logo\":{\"@type\":\"ImageObject\",\"inLanguage\":\"de\",\"@id\":\"https:\/\/www.innsides.com\/de\/#\/schema\/logo\/image\/\",\"url\":\"https:\/\/www.innsides.com\/wp-content\/uploads\/2019\/07\/Innsides_logo_400x400.jpg\",\"contentUrl\":\"https:\/\/www.innsides.com\/wp-content\/uploads\/2019\/07\/Innsides_logo_400x400.jpg\",\"width\":160,\"height\":160,\"caption\":\"Innsides Interiors UG\"},\"image\":{\"@id\":\"https:\/\/www.innsides.com\/de\/#\/schema\/logo\/image\/\"}}]}<\/script>\n<!-- \/ Yoast SEO plugin. -->","yoast_head_json":{"title":"Teilnehmen | Innsides","robots":{"index":"index","follow":"follow","max-snippet":"max-snippet:-1","max-image-preview":"max-image-preview:large","max-video-preview":"max-video-preview:-1"},"canonical":"https:\/\/www.innsides.com\/de\/work-with-us\/","og_locale":"de_DE","og_type":"article","og_title":"Teilnehmen | Innsides","og_description":"&nbsp; Online &amp; Offline sinnvoll kombinieren Eine kundenorientierte Online-L\u00f6sung f\u00fcr f\u00fchrende M\u00f6belfachh\u00e4ndler &#8222;Wo kann ich das jetzt mal ausprobieren?&#8220; Diese Frage kann kaum jemand beantworten &#8211; ruft man beim Hersteller an, bekommt man nur Fachh\u00e4ndlerlisten, die man abtelefonieren darf. Im Internet konnten wir aktuelle Standortdaten nur in den seltensten F\u00e4llen finden. In unseren Augen unzeitgem\u00e4\u00df [&hellip;]","og_url":"https:\/\/www.innsides.com\/de\/work-with-us\/","og_site_name":"Innsides","article_modified_time":"2019-08-14T11:37:53+00:00","twitter_card":"summary_large_image","twitter_misc":{"Gesch\u00e4tzte Lesezeit":"2\u00a0Minuten"},"schema":{"@context":"https:\/\/schema.org","@graph":[{"@type":"WebPage","@id":"https:\/\/www.innsides.com\/de\/work-with-us\/","url":"https:\/\/www.innsides.com\/de\/work-with-us\/","name":"Teilnehmen | Innsides","isPartOf":{"@id":"https:\/\/www.innsides.com\/de\/#website"},"datePublished":"2016-10-09T00:53:05+00:00","dateModified":"2019-08-14T11:37:53+00:00","breadcrumb":{"@id":"https:\/\/www.innsides.com\/de\/work-with-us\/#breadcrumb"},"inLanguage":"de","potentialAction":[{"@type":"ReadAction","target":["https:\/\/www.innsides.com\/de\/work-with-us\/"]}]},{"@type":"BreadcrumbList","@id":"https:\/\/www.innsides.com\/de\/work-with-us\/#breadcrumb","itemListElement":[{"@type":"ListItem","position":1,"name":"Home","item":"https:\/\/www.innsides.com\/de\/"},{"@type":"ListItem","position":2,"name":"Teilnehmen"}]},{"@type":"WebSite","@id":"https:\/\/www.innsides.com\/de\/#website","url":"https:\/\/www.innsides.com\/de\/","name":"Innsides","description":"Entdecke Designerm\u00f6bel in deiner N\u00e4he","publisher":{"@id":"https:\/\/www.innsides.com\/de\/#organization"},"potentialAction":[{"@type":"SearchAction","target":{"@type":"EntryPoint","urlTemplate":"https:\/\/www.innsides.com\/de\/?s={search_term_string}"},"query-input":{"@type":"PropertyValueSpecification","valueRequired":true,"valueName":"search_term_string"}}],"inLanguage":"de"},{"@type":"Organization","@id":"https:\/\/www.innsides.com\/de\/#organization","name":"Innsides Interiors UG","url":"https:\/\/www.innsides.com\/de\/","logo":{"@type":"ImageObject","inLanguage":"de","@id":"https:\/\/www.innsides.com\/de\/#\/schema\/logo\/image\/","url":"https:\/\/www.innsides.com\/wp-content\/uploads\/2019\/07\/Innsides_logo_400x400.jpg","contentUrl":"https:\/\/www.innsides.com\/wp-content\/uploads\/2019\/07\/Innsides_logo_400x400.jpg","width":160,"height":160,"caption":"Innsides Interiors UG"},"image":{"@id":"https:\/\/www.innsides.com\/de\/#\/schema\/logo\/image\/"}}]}},"_links":{"self":[{"href":"https:\/\/www.innsides.com\/de\/wp-json\/wp\/v2\/pages\/29165","targetHints":{"allow":["GET"]}}],"collection":[{"href":"https:\/\/www.innsides.com\/de\/wp-json\/wp\/v2\/pages"}],"about":[{"href":"https:\/\/www.innsides.com\/de\/wp-json\/wp\/v2\/types\/page"}],"author":[{"embeddable":true,"href":"https:\/\/www.innsides.com\/de\/wp-json\/wp\/v2\/users\/4"}],"replies":[{"embeddable":true,"href":"https:\/\/www.innsides.com\/de\/wp-json\/wp\/v2\/comments?post=29165"}],"version-history":[{"count":90,"href":"https:\/\/www.innsides.com\/de\/wp-json\/wp\/v2\/pages\/29165\/revisions"}],"predecessor-version":[{"id":35432,"href":"https:\/\/www.innsides.com\/de\/wp-json\/wp\/v2\/pages\/29165\/revisions\/35432"}],"wp:attachment":[{"href":"https:\/\/www.innsides.com\/de\/wp-json\/wp\/v2\/media?parent=29165"}],"curies":[{"name":"wp","href":"https:\/\/api.w.org\/{rel}","templated":true}]}}